{"id":1533,"date":"2024-10-08T19:02:16","date_gmt":"2024-10-08T19:02:16","guid":{"rendered":"https:\/\/yaconjicama.com\/?page_id=1533"},"modified":"2025-05-05T01:52:22","modified_gmt":"2025-05-05T06:52:22","slug":"documentacion","status":"publish","type":"page","link":"https:\/\/varenna.lat\/wordpress\/documentacion\/","title":{"rendered":"Documentaci\u00f3n"},"content":{"rendered":"<p><a href=\"https:\/\/varenna.lat\/wordpress\/wp-content\/uploads\/2024\/10\/ACFrOgA4y7XzN1DsWQBt1xYopc4GAhibPFAVFkcGgYqt46Z59ZJPzkz6RLRTigkZ-job_110.pdf\">Reglamento:<\/a><\/p>\n<p><a href=\"https:\/\/varenna.lat\/wordpress\/wp-content\/uploads\/2024\/10\/Planos.zip\">Planos, actas de recepci\u00f3n. c\u00f3digo de pinturas, proveedores y otros documentos de recepci\u00f3n del conjunto<\/a><\/p>\n<p><a href=\"https:\/\/varenna.lat\/wordpress\/wp-content\/uploads\/2025\/03\/ACTA-20240915.pdf\">Acta de asamblea 1 2024sep15<\/a><\/p>\n<p><a href=\"https:\/\/varenna.lat\/wordpress\/wp-content\/uploads\/2025\/04\/ACTA-20240922.pdf\">Acta de sesi\u00f3n de directiva 1 2024sep22<\/a><\/p>\n<p><a href=\"https:\/\/varenna.lat\/wordpress\/wp-content\/uploads\/2025\/04\/ACTA-20241007.pdf\">Acta de asamblea 2 2024oct07<\/a> <a href=\"https:\/\/varenna.lat\/wordpress\/wp-content\/uploads\/2025\/04\/Proformas.zip\">Adjuntos<\/a><\/p>\n<p><a href=\"https:\/\/varenna.lat\/wordpress\/wp-content\/uploads\/2025\/04\/ACTA-20241027.pdf\">Acta de asamblea 3 2024oct27<\/a><\/p>\n<p><a href=\"https:\/\/varenna.lat\/wordpress\/wp-content\/uploads\/2025\/04\/ACTA-20250206.pdf\">Acta de sesion de directiva 3 2024feb06<\/a><\/p>\n<p><a href=\"https:\/\/varenna.lat\/wordpress\/wp-content\/uploads\/2025\/04\/ACTA-20250327.pdf\">Acta de asamblea 4 2025mar27<\/a><\/p>\n<p><a href=\"https:\/\/varenna.lat\/wordpress\/wp-content\/uploads\/2025\/05\/ACTA-20250420.pdf\">Acta de asamblea 5 2025abr20<\/a><\/p>\n<p><a href=\"https:\/\/varenna.lat\/wordpress\/wp-content\/uploads\/2025\/05\/codigos-de-colores.pdf\">Colores entregados por la constructora<\/a><\/p>\n<p>Acta [espacio para la siguiente reunion]<\/p>\n","protected":false},"excerpt":{"rendered":"<p>Reglamento: Planos, actas de recepci\u00f3n. c\u00f3digo de pinturas, proveedores y otros documentos de recepci\u00f3n del conjunto Acta de asamblea 1 2024sep15 Acta de sesi\u00f3n de directiva 1 2024sep22 Acta de [&hellip;]<\/p>\n","protected":false},"author":1,"featured_media":0,"parent":0,"menu_order":0,"comment_status":"closed","ping_status":"closed","template":"","meta":{"footnotes":""},"class_list":["post-1533","page","type-page","status-publish","hentry"],"_links":{"self":[{"href":"https:\/\/varenna.lat\/wordpress\/wp-json\/wp\/v2\/pages\/1533","targetHints":{"allow":["GET"]}}],"collection":[{"href":"https:\/\/varenna.lat\/wordpress\/wp-json\/wp\/v2\/pages"}],"about":[{"href":"https:\/\/varenna.lat\/wordpress\/wp-json\/wp\/v2\/types\/page"}],"author":[{"embeddable":true,"href":"https:\/\/varenna.lat\/wordpress\/wp-json\/wp\/v2\/users\/1"}],"replies":[{"embeddable":true,"href":"https:\/\/varenna.lat\/wordpress\/wp-json\/wp\/v2\/comments?post=1533"}],"version-history":[{"count":19,"href":"https:\/\/varenna.lat\/wordpress\/wp-json\/wp\/v2\/pages\/1533\/revisions"}],"predecessor-version":[{"id":2491,"href":"https:\/\/varenna.lat\/wordpress\/wp-json\/wp\/v2\/pages\/1533\/revisions\/2491"}],"wp:attachment":[{"href":"https:\/\/varenna.lat\/wordpress\/wp-json\/wp\/v2\/media?parent=1533"}],"curies":[{"name":"wp","href":"https:\/\/api.w.org\/{rel}","templated":true}]}}